{"id":595,"date":"2018-09-03T06:12:57","date_gmt":"2018-09-03T06:12:57","guid":{"rendered":"http:\/\/algistbruggeman.be\/configurator\/"},"modified":"2018-11-05T13:45:29","modified_gmt":"2018-11-05T13:45:29","slug":"je-recherche","status":"publish","type":"page","link":"https:\/\/algistbruggeman.be\/fr\/je-recherche\/","title":{"rendered":"Je recherche &#8230;"},"content":{"rendered":"<p>Cochez ci-dessous les crit\u00e8res combin\u00e9s \/ souhait\u00e9s pour faire appara\u00eetre les produits qui y r\u00e9pondent.<\/p>\n","protected":false},"excerpt":{"rendered":"<p>Cochez ci-dessous les crit\u00e8res combin\u00e9s \/ souhait\u00e9s pour faire appara\u00eetre les produits qui y r\u00e9pondent. &#8230;<\/p>\n","protected":false},"author":1,"featured_media":310,"parent":0,"menu_order":0,"comment_status":"closed","ping_status":"closed","template":"page-configuration.php","meta":{"_acf_changed":false,"footnotes":""},"class_list":["post-595","page","type-page","status-publish","has-post-thumbnail","hentry"],"acf":[],"_links":{"self":[{"href":"https:\/\/algistbruggeman.be\/fr\/wp-json\/wp\/v2\/pages\/595","targetHints":{"allow":["GET"]}}],"collection":[{"href":"https:\/\/algistbruggeman.be\/fr\/wp-json\/wp\/v2\/pages"}],"about":[{"href":"https:\/\/algistbruggeman.be\/fr\/wp-json\/wp\/v2\/types\/page"}],"author":[{"embeddable":true,"href":"https:\/\/algistbruggeman.be\/fr\/wp-json\/wp\/v2\/users\/1"}],"replies":[{"embeddable":true,"href":"https:\/\/algistbruggeman.be\/fr\/wp-json\/wp\/v2\/comments?post=595"}],"version-history":[{"count":6,"href":"https:\/\/algistbruggeman.be\/fr\/wp-json\/wp\/v2\/pages\/595\/revisions"}],"predecessor-version":[{"id":1200,"href":"https:\/\/algistbruggeman.be\/fr\/wp-json\/wp\/v2\/pages\/595\/revisions\/1200"}],"wp:featuredmedia":[{"embeddable":true,"href":"https:\/\/algistbruggeman.be\/fr\/wp-json\/wp\/v2\/media\/310"}],"wp:attachment":[{"href":"https:\/\/algistbruggeman.be\/fr\/wp-json\/wp\/v2\/media?parent=595"}],"curies":[{"name":"wp","href":"https:\/\/api.w.org\/{rel}","templated":true}]}}